{"id":19282,"date":"2025-01-29T13:46:59","date_gmt":"2025-01-29T12:46:59","guid":{"rendered":"https:\/\/www.billystays.com\/?post_type=product&#038;p=19282"},"modified":"2025-09-18T14:20:27","modified_gmt":"2025-09-18T14:20:27","slug":"fast-track-sans-accompagnement-marrakech","status":"publish","type":"product","link":"https:\/\/fasttrack.ma\/en\/product\/fast-track-sans-accompagnement-marrakech\/","title":{"rendered":"Fast Track without accompaniment"},"content":{"rendered":"","protected":false},"excerpt":{"rendered":"<p>Il s&rsquo;agit d&rsquo;un service sans assistance dans le cadre duquel les passagers re\u00e7oivent un bon leur permettant d&rsquo;acc\u00e9der aux installations Fast Track pour un passage acc\u00e9l\u00e9r\u00e9 de la s\u00e9curit\u00e9, de l&rsquo;immigration et d&rsquo;autres formalit\u00e9s a\u00e9roportuaires.<\/p>","protected":false},"featured_media":0,"comment_status":"open","ping_status":"closed","template":"","meta":{"_acf_changed":false,"_monsterinsights_skip_tracking":false,"_monsterinsights_sitenote_active":false,"_monsterinsights_sitenote_note":"","_monsterinsights_sitenote_category":0,"postBodyCss":"","postBodyMargin":[],"postBodyPadding":[],"postBodyBackground":{"backgroundType":"classic","gradient":""},"_glsr_average":0,"_glsr_ranking":0,"_glsr_reviews":0},"product_brand":[],"product_cat":[96],"product_tag":[],"class_list":{"0":"post-19282","1":"product","2":"type-product","3":"status-publish","5":"product_cat-marrakech","7":"first","8":"instock","9":"shipping-taxable","10":"purchasable","11":"product-type-simple"},"acf":[],"_links":{"self":[{"href":"https:\/\/fasttrack.ma\/en\/wp-json\/wp\/v2\/product\/19282","targetHints":{"allow":["GET"]}}],"collection":[{"href":"https:\/\/fasttrack.ma\/en\/wp-json\/wp\/v2\/product"}],"about":[{"href":"https:\/\/fasttrack.ma\/en\/wp-json\/wp\/v2\/types\/product"}],"replies":[{"embeddable":true,"href":"https:\/\/fasttrack.ma\/en\/wp-json\/wp\/v2\/comments?post=19282"}],"wp:attachment":[{"href":"https:\/\/fasttrack.ma\/en\/wp-json\/wp\/v2\/media?parent=19282"}],"wp:term":[{"taxonomy":"product_brand","embeddable":true,"href":"https:\/\/fasttrack.ma\/en\/wp-json\/wp\/v2\/product_brand?post=19282"},{"taxonomy":"product_cat","embeddable":true,"href":"https:\/\/fasttrack.ma\/en\/wp-json\/wp\/v2\/product_cat?post=19282"},{"taxonomy":"product_tag","embeddable":true,"href":"https:\/\/fasttrack.ma\/en\/wp-json\/wp\/v2\/product_tag?post=19282"}],"curies":[{"name":"wp","href":"https:\/\/api.w.org\/{rel}","templated":true}]}}