{"id":18560,"date":"2025-01-10T21:05:10","date_gmt":"2025-01-10T20:05:10","guid":{"rendered":"https:\/\/www.billystays.com\/?post_type=product&#038;p=18560"},"modified":"2025-09-18T14:19:49","modified_gmt":"2025-09-18T14:19:49","slug":"fast-track-accompagnement-casablanca","status":"publish","type":"product","link":"https:\/\/fasttrack.ma\/en\/product\/fast-track-accompagnement-casablanca\/","title":{"rendered":"FAST TRACK with accompaniment"},"content":{"rendered":"","protected":false},"excerpt":{"rendered":"<p>Les agents Fast Track accueillent personnellement vos passagers \u00e0 l&rsquo;arriv\u00e9e au terminal (ou au terminal au terminal terrestre pour les d\u00e9parts). Ils les assistent pour les formalit\u00e9s d&rsquo;enregistrement, les bagages et les accompagnent jusqu&rsquo;\u00e0 la sortie de l&rsquo;a\u00e9roport (ou jusqu&rsquo;\u00e0 la porte d&#8217;embarquement). la sortie de l&rsquo;a\u00e9roport (ou la porte d&#8217;embarquement)<\/p>","protected":false},"featured_media":0,"comment_status":"open","ping_status":"closed","template":"","meta":{"_acf_changed":false,"_monsterinsights_skip_tracking":false,"_monsterinsights_sitenote_active":false,"_monsterinsights_sitenote_note":"","_monsterinsights_sitenote_category":0,"postBodyCss":"","postBodyMargin":[],"postBodyPadding":[],"postBodyBackground":{"backgroundType":"classic","gradient":""},"_glsr_average":0,"_glsr_ranking":0,"_glsr_reviews":0},"product_brand":[],"product_cat":[94],"product_tag":[],"class_list":{"0":"post-18560","1":"product","2":"type-product","3":"status-publish","5":"product_cat-casablanca","7":"first","8":"instock","9":"shipping-taxable","10":"purchasable","11":"product-type-simple"},"acf":[],"_links":{"self":[{"href":"https:\/\/fasttrack.ma\/en\/wp-json\/wp\/v2\/product\/18560","targetHints":{"allow":["GET"]}}],"collection":[{"href":"https:\/\/fasttrack.ma\/en\/wp-json\/wp\/v2\/product"}],"about":[{"href":"https:\/\/fasttrack.ma\/en\/wp-json\/wp\/v2\/types\/product"}],"replies":[{"embeddable":true,"href":"https:\/\/fasttrack.ma\/en\/wp-json\/wp\/v2\/comments?post=18560"}],"wp:attachment":[{"href":"https:\/\/fasttrack.ma\/en\/wp-json\/wp\/v2\/media?parent=18560"}],"wp:term":[{"taxonomy":"product_brand","embeddable":true,"href":"https:\/\/fasttrack.ma\/en\/wp-json\/wp\/v2\/product_brand?post=18560"},{"taxonomy":"product_cat","embeddable":true,"href":"https:\/\/fasttrack.ma\/en\/wp-json\/wp\/v2\/product_cat?post=18560"},{"taxonomy":"product_tag","embeddable":true,"href":"https:\/\/fasttrack.ma\/en\/wp-json\/wp\/v2\/product_tag?post=18560"}],"curies":[{"name":"wp","href":"https:\/\/api.w.org\/{rel}","templated":true}]}}