{"id":22248,"date":"2026-02-02T09:50:26","date_gmt":"2026-02-02T09:50:26","guid":{"rendered":"https:\/\/fasttrack.ma\/?page_id=22248"},"modified":"2026-02-02T12:45:48","modified_gmt":"2026-02-02T12:45:48","slug":"fast-track-maroc-reser","status":"publish","type":"page","link":"https:\/\/fasttrack.ma\/en\/fast-track-maroc-reser\/","title":{"rendered":"R\u00e9servation Fast Track"},"content":{"rendered":"<div class=\"wpcf7 no-js\" id=\"wpcf7-f22250-o1\" lang=\"fr-FR\" dir=\"ltr\" data-wpcf7-id=\"22250\">\n<div class=\"screen-reader-response\"><p role=\"status\" aria-live=\"polite\" aria-atomic=\"true\"><\/p> <ul><\/ul><\/div>\n<form action=\"\/en\/wp-json\/wp\/v2\/pages\/22248#wpcf7-f22250-o1\" method=\"post\" class=\"wpcf7-form init\" aria-label=\"Formulaire de contact\" novalidate=\"novalidate\" data-status=\"init\" data-trp-original-action=\"\/en\/wp-json\/wp\/v2\/pages\/22248#wpcf7-f22250-o1\">\n<fieldset class=\"hidden-fields-container\"><input type=\"hidden\" name=\"_wpcf7\" value=\"22250\" \/><input type=\"hidden\" name=\"_wpcf7_version\" value=\"6.1.5\" \/><input type=\"hidden\" name=\"_wpcf7_locale\" value=\"fr_FR\" \/><input type=\"hidden\" name=\"_wpcf7_unit_tag\" value=\"wpcf7-f22250-o1\" \/><input type=\"hidden\" name=\"_wpcf7_container_post\" value=\"0\" \/><input type=\"hidden\" name=\"_wpcf7_posted_data_hash\" value=\"\" \/>\n<\/fieldset>\n<div class=\"fasttrack-form\">\n\n<h3>R\u00e9server votre service Fast Track<\/h3>\n<p class=\"form-subtitle\">\nUn conseiller vous contactera rapidement pour confirmation\n<\/p>\n\n<label> Nom & Pr\u00e9nom *\n<span class=\"wpcf7-form-control-wrap\" data-name=\"full-name\"><input size=\"40\" maxlength=\"400\" class=\"wpcf7-form-control wpcf7-text wpcf7-validates-as-required\" aria-required=\"true\" aria-invalid=\"false\" placeholder=\"Votre nom complet\" value=\"\" type=\"text\" name=\"full-name\" \/><\/span> <\/label>\n\n<label> Email *\n<span class=\"wpcf7-form-control-wrap\" data-name=\"email\"><input size=\"40\" maxlength=\"400\" class=\"wpcf7-form-control wpcf7-email wpcf7-validates-as-required wpcf7-text wpcf7-validates-as-email\" aria-required=\"true\" aria-invalid=\"false\" placeholder=\"Votre email\" value=\"\" type=\"email\" name=\"email\" \/><\/span> <\/label>\n\n<label> WhatsApp \/ T\u00e9l\u00e9phone *\n<span class=\"wpcf7-form-control-wrap\" data-name=\"phone\"><input size=\"40\" maxlength=\"400\" class=\"wpcf7-form-control wpcf7-tel wpcf7-validates-as-required wpcf7-text wpcf7-validates-as-tel\" aria-required=\"true\" aria-invalid=\"false\" placeholder=\"+212 ...\" value=\"\" type=\"tel\" name=\"phone\" \/><\/span> <\/label>\n\n<label> A\u00e9roport *\n<span class=\"wpcf7-form-control-wrap\" data-name=\"airport\"><select class=\"wpcf7-form-control wpcf7-select wpcf7-validates-as-required\" aria-required=\"true\" aria-invalid=\"false\" name=\"airport\"><option value=\"\">&#8212;Veuillez choisir une option&#8212;<\/option><option value=\"Casablanca (CMN)\">Casablanca (CMN)<\/option><option value=\"Marrakech (RAK)\">Marrakech (RAK)<\/option><option value=\"Rabat (RBA)\">Rabat (RBA)<\/option><option value=\"Agadir (AGA)\">Agadir (AGA)<\/option><option value=\"Tanger (TNG)\">Tanger (TNG)<\/option><option value=\"F\u00e8s (FEZ)\">F\u00e8s (FEZ)<\/option><option value=\"Oujda (OUD)\">Oujda (OUD)<\/option><\/select><\/span> <\/label>\n\n<label> Type de service *\n<span class=\"wpcf7-form-control-wrap\" data-name=\"service-type\"><select class=\"wpcf7-form-control wpcf7-select wpcf7-validates-as-required\" aria-required=\"true\" aria-invalid=\"false\" name=\"service-type\"><option value=\"\">&#8212;Veuillez choisir une option&#8212;<\/option><option value=\"Arriv\u00e9e\">Arriv\u00e9e<\/option><option value=\"D\u00e9part\">D\u00e9part<\/option><option value=\"Transit\">Transit<\/option><\/select><\/span> <\/label>\n\n<label> Date du vol *\n<span class=\"wpcf7-form-control-wrap\" data-name=\"flight-date\"><input class=\"wpcf7-form-control wpcf7-date wpcf7-validates-as-required wpcf7-validates-as-date\" aria-required=\"true\" aria-invalid=\"false\" value=\"\" type=\"date\" name=\"flight-date\" \/><\/span> <\/label>\n\n<label> Num\u00e9ro de vol *\n<span class=\"wpcf7-form-control-wrap\" data-name=\"flight-number\"><input size=\"40\" maxlength=\"400\" class=\"wpcf7-form-control wpcf7-text wpcf7-validates-as-required\" aria-required=\"true\" aria-invalid=\"false\" placeholder=\"Ex : AT203\" value=\"\" type=\"text\" name=\"flight-number\" \/><\/span> <\/label>\n\n<label> Plan Fast Track *\n<span class=\"wpcf7-form-control-wrap\" data-name=\"plan\"><select class=\"wpcf7-form-control wpcf7-select wpcf7-validates-as-required\" aria-required=\"true\" aria-invalid=\"false\" name=\"plan\"><option value=\"\">&#8212;Veuillez choisir une option&#8212;<\/option><option value=\"Fast Track Solo\">Fast Track Solo<\/option><option value=\"Fast Track Assist\">Fast Track Assist<\/option><option value=\"Fast Track Lounge\">Fast Track Lounge<\/option><\/select><\/span> <\/label>\n\n<label> Message (optionnel)\n<span class=\"wpcf7-form-control-wrap\" data-name=\"message\"><textarea cols=\"40\" rows=\"10\" maxlength=\"2000\" class=\"wpcf7-form-control wpcf7-textarea\" aria-invalid=\"false\" placeholder=\"Informations compl\u00e9mentaires\" name=\"message\"><\/textarea><\/span> <\/label>\n\n<input class=\"wpcf7-form-control wpcf7-submit has-spinner\" type=\"submit\" value=\"Confirmer ma r\u00e9servation\" \/>\n\n<p class=\"form-note\">\n\ud83d\udd12 Donn\u00e9es s\u00e9curis\u00e9es \u2022 \u23f1 R\u00e9ponse rapide \u2022 \ud83d\udcde Support WhatsApp\n<\/p>\n\n<\/div><div class=\"wpcf7-response-output\" aria-hidden=\"true\"><\/div>\n<input type=\"hidden\" name=\"trp-form-language\" value=\"en\"\/><\/form>\n<\/div>","protected":false},"excerpt":{"rendered":"","protected":false},"author":6,"featured_media":0,"parent":0,"menu_order":0,"comment_status":"closed","ping_status":"closed","template":"","meta":{"_acf_changed":false,"_monsterinsights_skip_tracking":false,"_monsterinsights_sitenote_active":false,"_monsterinsights_sitenote_note":"","_monsterinsights_sitenote_category":0,"postBodyCss":"","postBodyMargin":[],"postBodyPadding":[],"postBodyBackground":{"backgroundType":"classic","gradient":""},"_glsr_average":0,"_glsr_ranking":0,"_glsr_reviews":0,"footnotes":""},"class_list":["post-22248","page","type-page","status-publish","hentry"],"acf":[],"_links":{"self":[{"href":"https:\/\/fasttrack.ma\/en\/wp-json\/wp\/v2\/pages\/22248","targetHints":{"allow":["GET"]}}],"collection":[{"href":"https:\/\/fasttrack.ma\/en\/wp-json\/wp\/v2\/pages"}],"about":[{"href":"https:\/\/fasttrack.ma\/en\/wp-json\/wp\/v2\/types\/page"}],"author":[{"embeddable":true,"href":"https:\/\/fasttrack.ma\/en\/wp-json\/wp\/v2\/users\/6"}],"replies":[{"embeddable":true,"href":"https:\/\/fasttrack.ma\/en\/wp-json\/wp\/v2\/comments?post=22248"}],"version-history":[{"count":3,"href":"https:\/\/fasttrack.ma\/en\/wp-json\/wp\/v2\/pages\/22248\/revisions"}],"predecessor-version":[{"id":22252,"href":"https:\/\/fasttrack.ma\/en\/wp-json\/wp\/v2\/pages\/22248\/revisions\/22252"}],"wp:attachment":[{"href":"https:\/\/fasttrack.ma\/en\/wp-json\/wp\/v2\/media?parent=22248"}],"curies":[{"name":"wp","href":"https:\/\/api.w.org\/{rel}","templated":true}]}}