{"id":21644,"date":"2025-06-14T10:22:48","date_gmt":"2025-06-14T10:22:48","guid":{"rendered":"https:\/\/fasttrack.ma\/?page_id=21644"},"modified":"2025-11-11T08:52:25","modified_gmt":"2025-11-11T08:52:25","slug":"blog","status":"publish","type":"page","link":"https:\/\/fasttrack.ma\/en\/blog\/","title":{"rendered":"Blog"},"content":{"rendered":"<div data-elementor-type=\"wp-page\" data-elementor-id=\"21644\" class=\"elementor elementor-21644\">\n\t\t\t\t\t\t<section class=\"elementor-section elementor-top-section elementor-element elementor-element-db61722 elementor-section-boxed elementor-section-height-default elementor-section-height-default\" data-id=\"db61722\" data-element_type=\"section\" data-e-type=\"section\">\n\t\t\t\t\t\t<div class=\"elementor-container elementor-column-gap-default\">\n\t\t\t\t\t<div class=\"elementor-column elementor-col-100 elementor-top-column elementor-element elementor-element-b941fc4\" data-id=\"b941fc4\" data-element_type=\"column\" data-e-type=\"column\">\n\t\t\t<div class=\"elementor-widget-wrap elementor-element-populated\">\n\t\t\t\t\t\t<div class=\"elementor-element elementor-element-ae301d9 elementor-widget elementor-widget-gva-posts\" data-id=\"ae301d9\" data-element_type=\"widget\" data-e-type=\"widget\" data-widget_type=\"gva-posts.default\">\n\t\t\t\t<div class=\"elementor-widget-container\">\n\t\t\t\t\t<div class=\"gva-element-gva-posts gva-element\">\r\n\t<div class=\"gva-posts-carousel gva-posts swiper-slider-wrapper\" data-filter=\"ua8b\">\r\n\t\t<div class=\"swiper-content-inner\">\r\n\t\t\t<div class=\"init-carousel-swiper swiper\" data-carousel=\"{&quot;items&quot;:3,&quot;items_lg&quot;:3,&quot;items_md&quot;:3,&quot;items_sm&quot;:2,&quot;items_xs&quot;:1,&quot;items_xx&quot;:1,&quot;effect&quot;:&quot;slide&quot;,&quot;space_between&quot;:30,&quot;loop&quot;:1,&quot;speed&quot;:1200,&quot;autoplay&quot;:1,&quot;autoplay_delay&quot;:5000,&quot;autoplay_hover&quot;:1,&quot;navigation&quot;:1,&quot;pagination&quot;:0,&quot;dynamic_bullets&quot;:0,&quot;pagination_type&quot;:&quot;bullets&quot;}\">\r\n\t\t\t\t<div class=\"swiper-wrapper\">\r\n\t\t\t\t\t<div class=\"swiper-slide\"><article class=\"post-22378 post type-post status-publish format-standard has-post-thumbnail hentry category-blog\">\r\n   <div class=\"post post-one__single has-thumbnail\">\r\n      <div class=\"post-one__wrap\">\r\n         <div class=\"post-one__thumbnail\"><a href=\"https:\/\/fasttrack.ma\/en\/air-france-fast-track\/\"><img fetchpriority=\"high\" decoding=\"async\" width=\"550\" height=\"660\" src=\"https:\/\/fasttrack.ma\/wp-content\/uploads\/2026\/04\/air-france-fast-tracK-550x660.webp\" class=\"attachment-gowilds_medium size-gowilds_medium wp-post-image\" alt=\"Air France Fast Track : Voyagez Plus Rapidement Depuis le Maroc\" \/><\/a><div class=\"entry-date\"><span class=\"date\">09<\/span><span class=\"month\">Apr<\/span><\/div><\/div>       \r\n         <div class=\"post-one__content\">\r\n            <div class=\"post-one__category\"><span class=\"cat-links\"><a href=\"https:\/\/fasttrack.ma\/en\/category\/blog\/\" rel=\"category tag\">Blog<\/a><\/span><\/div>            <div class=\"post-one__content-inner\">\r\n               \r\n               <div class=\"post-one__meta\">\r\n                  <div class=\"clearfix meta-inline post-meta-1\"><span class=\"author vcard\"><i class=\"fas fa-user-circle\"><\/i>FastTrack Maroc<\/span><\/div>               <\/div> \r\n               <h3 class=\"post-one__title\"><a href=\"https:\/\/fasttrack.ma\/en\/air-france-fast-track\/\" rel=\"bookmark\">Air France Fast Track : Voyagez Plus Rapidement Depuis le Maroc<\/a><\/h3>\r\n               <div class=\"post-one__desc\">Voyager avec Air France est souvent synonyme de confort et de qualit\u00e9.Mais m\u00eame avec une<\/div>               <div class=\"post-one__bottom\">\r\n                  <a class=\"post-one__read-more\" href=\"https:\/\/fasttrack.ma\/en\/air-france-fast-track\/\">\r\n                    Read More                    <i class=\"fa-solid fa-arrow-right\"><\/i>\r\n                  <\/a>\r\n               <\/div>\r\n            <\/div>\r\n         <\/div>\r\n      <\/div>   \r\n   <\/div>   \r\n<\/article><\/div><div class=\"swiper-slide\"><article class=\"post-22374 post type-post status-publish format-standard has-post-thumbnail hentry category-blog\">\r\n   <div class=\"post post-one__single has-thumbnail\">\r\n      <div class=\"post-one__wrap\">\r\n         <div class=\"post-one__thumbnail\"><a href=\"https:\/\/fasttrack.ma\/en\/fast-track-tanger-2026\/\"><img decoding=\"async\" width=\"550\" height=\"660\" src=\"https:\/\/fasttrack.ma\/wp-content\/uploads\/2026\/04\/Fast-Track-Tanger-550x660.webp\" class=\"attachment-gowilds_medium size-gowilds_medium wp-post-image\" alt=\"Fast Track Tanger : Voyagez Sans Attente \u00e0 l\u2019A\u00e9roport de Tanger\" \/><\/a><div class=\"entry-date\"><span class=\"date\">04<\/span><span class=\"month\">Apr<\/span><\/div><\/div>       \r\n         <div class=\"post-one__content\">\r\n            <div class=\"post-one__category\"><span class=\"cat-links\"><a href=\"https:\/\/fasttrack.ma\/en\/category\/blog\/\" rel=\"category tag\">Blog<\/a><\/span><\/div>            <div class=\"post-one__content-inner\">\r\n               \r\n               <div class=\"post-one__meta\">\r\n                  <div class=\"clearfix meta-inline post-meta-1\"><span class=\"author vcard\"><i class=\"fas fa-user-circle\"><\/i>FastTrack Maroc<\/span><\/div>               <\/div> \r\n               <h3 class=\"post-one__title\"><a href=\"https:\/\/fasttrack.ma\/en\/fast-track-tanger-2026\/\" rel=\"bookmark\">Fast Track Tanger : Voyagez Sans Attente \u00e0 l\u2019A\u00e9roport de Tanger<\/a><\/h3>\r\n               <div class=\"post-one__desc\">Fast Track Tanger: Voyager depuis Tanger est une exp\u00e9rience agr\u00e9able\u2026 mais le passage \u00e0 l\u2019a\u00e9roport<\/div>               <div class=\"post-one__bottom\">\r\n                  <a class=\"post-one__read-more\" href=\"https:\/\/fasttrack.ma\/en\/fast-track-tanger-2026\/\">\r\n                    Read More                    <i class=\"fa-solid fa-arrow-right\"><\/i>\r\n                  <\/a>\r\n               <\/div>\r\n            <\/div>\r\n         <\/div>\r\n      <\/div>   \r\n   <\/div>   \r\n<\/article><\/div><div class=\"swiper-slide\"><article class=\"post-22367 post type-post status-publish format-standard has-post-thumbnail hentry category-blog\">\r\n   <div class=\"post post-one__single has-thumbnail\">\r\n      <div class=\"post-one__wrap\">\r\n         <div class=\"post-one__thumbnail\"><a href=\"https:\/\/fasttrack.ma\/en\/fast-track-a-casablanca\/\"><img decoding=\"async\" width=\"550\" height=\"656\" src=\"https:\/\/fasttrack.ma\/wp-content\/uploads\/2026\/04\/Fast-Track-a-Casablanca-1-550x656.webp\" class=\"attachment-gowilds_medium size-gowilds_medium wp-post-image\" alt=\"Fast Track \u00e0 Casablanca : Meilleur Voyage Sans Attente \u00e0 l\u2019A\u00e9roport Mohammed V\" \/><\/a><div class=\"entry-date\"><span class=\"date\">01<\/span><span class=\"month\">Apr<\/span><\/div><\/div>       \r\n         <div class=\"post-one__content\">\r\n            <div class=\"post-one__category\"><span class=\"cat-links\"><a href=\"https:\/\/fasttrack.ma\/en\/category\/blog\/\" rel=\"category tag\">Blog<\/a><\/span><\/div>            <div class=\"post-one__content-inner\">\r\n               \r\n               <div class=\"post-one__meta\">\r\n                  <div class=\"clearfix meta-inline post-meta-1\"><span class=\"author vcard\"><i class=\"fas fa-user-circle\"><\/i>FastTrack Maroc<\/span><\/div>               <\/div> \r\n               <h3 class=\"post-one__title\"><a href=\"https:\/\/fasttrack.ma\/en\/fast-track-a-casablanca\/\" rel=\"bookmark\">Fast Track \u00e0 Casablanca : Meilleur Voyage Sans Attente \u00e0 l\u2019A\u00e9roport Mohammed V<\/a><\/h3>\r\n               <div class=\"post-one__desc\">Voyager depuis Casablanca peut \u00eatre une exp\u00e9rience exceptionnelle\u2026 mais aussi parfois stressante. L\u2019A\u00e9roport Mohammed V<\/div>               <div class=\"post-one__bottom\">\r\n                  <a class=\"post-one__read-more\" href=\"https:\/\/fasttrack.ma\/en\/fast-track-a-casablanca\/\">\r\n                    Read More                    <i class=\"fa-solid fa-arrow-right\"><\/i>\r\n                  <\/a>\r\n               <\/div>\r\n            <\/div>\r\n         <\/div>\r\n      <\/div>   \r\n   <\/div>   \r\n<\/article><\/div><div class=\"swiper-slide\"><article class=\"post-22351 post type-post status-publish format-standard has-post-thumbnail hentry category-blog\">\r\n   <div class=\"post post-one__single has-thumbnail\">\r\n      <div class=\"post-one__wrap\">\r\n         <div class=\"post-one__thumbnail\"><a href=\"https:\/\/fasttrack.ma\/en\/fast-track-au-maroc-2026\/\"><img loading=\"lazy\" decoding=\"async\" width=\"550\" height=\"660\" src=\"https:\/\/fasttrack.ma\/wp-content\/uploads\/2026\/03\/Fast-Track-au-Maroc-550x660.webp\" class=\"attachment-gowilds_medium size-gowilds_medium wp-post-image\" alt=\"Fast Track au Maroc : Voyagez Sans Attente et Avec Confort\" \/><\/a><div class=\"entry-date\"><span class=\"date\">28<\/span><span class=\"month\">Mar<\/span><\/div><\/div>       \r\n         <div class=\"post-one__content\">\r\n            <div class=\"post-one__category\"><span class=\"cat-links\"><a href=\"https:\/\/fasttrack.ma\/en\/category\/blog\/\" rel=\"category tag\">Blog<\/a><\/span><\/div>            <div class=\"post-one__content-inner\">\r\n               \r\n               <div class=\"post-one__meta\">\r\n                  <div class=\"clearfix meta-inline post-meta-1\"><span class=\"author vcard\"><i class=\"fas fa-user-circle\"><\/i>FastTrack Maroc<\/span><\/div>               <\/div> \r\n               <h3 class=\"post-one__title\"><a href=\"https:\/\/fasttrack.ma\/en\/fast-track-au-maroc-2026\/\" rel=\"bookmark\">Fast Track au Maroc : Voyagez Sans Attente et Avec Confort<\/a><\/h3>\r\n               <div class=\"post-one__desc\">Voyager est une exp\u00e9rience enrichissante\u2026 mais le passage \u00e0 l\u2019a\u00e9roport peut parfois devenir une source<\/div>               <div class=\"post-one__bottom\">\r\n                  <a class=\"post-one__read-more\" href=\"https:\/\/fasttrack.ma\/en\/fast-track-au-maroc-2026\/\">\r\n                    Read More                    <i class=\"fa-solid fa-arrow-right\"><\/i>\r\n                  <\/a>\r\n               <\/div>\r\n            <\/div>\r\n         <\/div>\r\n      <\/div>   \r\n   <\/div>   \r\n<\/article><\/div><div class=\"swiper-slide\"><article class=\"post-22347 post type-post status-publish format-standard has-post-thumbnail hentry category-blog\">\r\n   <div class=\"post post-one__single has-thumbnail\">\r\n      <div class=\"post-one__wrap\">\r\n         <div class=\"post-one__thumbnail\"><a href=\"https:\/\/fasttrack.ma\/en\/fast-track-maroc-aid-2026\/\"><img loading=\"lazy\" decoding=\"async\" width=\"550\" height=\"660\" src=\"https:\/\/fasttrack.ma\/wp-content\/uploads\/2026\/03\/Fast-Track-Maroc-Aid-550x660.webp\" class=\"attachment-gowilds_medium size-gowilds_medium wp-post-image\" alt=\"Fast Track Maroc A\u00efd : Voyage unique et Sans Stress Pendant les F\u00eates\" \/><\/a><div class=\"entry-date\"><span class=\"date\">17<\/span><span class=\"month\">Mar<\/span><\/div><\/div>       \r\n         <div class=\"post-one__content\">\r\n            <div class=\"post-one__category\"><span class=\"cat-links\"><a href=\"https:\/\/fasttrack.ma\/en\/category\/blog\/\" rel=\"category tag\">Blog<\/a><\/span><\/div>            <div class=\"post-one__content-inner\">\r\n               \r\n               <div class=\"post-one__meta\">\r\n                  <div class=\"clearfix meta-inline post-meta-1\"><span class=\"author vcard\"><i class=\"fas fa-user-circle\"><\/i>FastTrack Maroc<\/span><\/div>               <\/div> \r\n               <h3 class=\"post-one__title\"><a href=\"https:\/\/fasttrack.ma\/en\/fast-track-maroc-aid-2026\/\" rel=\"bookmark\">Fast Track Maroc A\u00efd : Voyage unique et Sans Stress Pendant les F\u00eates<\/a><\/h3>\r\n               <div class=\"post-one__desc\">L\u2019A\u00efd est l\u2019un des moments les plus importants de l\u2019ann\u00e9e.Un moment de partage, de retrouvailles<\/div>               <div class=\"post-one__bottom\">\r\n                  <a class=\"post-one__read-more\" href=\"https:\/\/fasttrack.ma\/en\/fast-track-maroc-aid-2026\/\">\r\n                    Read More                    <i class=\"fa-solid fa-arrow-right\"><\/i>\r\n                  <\/a>\r\n               <\/div>\r\n            <\/div>\r\n         <\/div>\r\n      <\/div>   \r\n   <\/div>   \r\n<\/article><\/div><div class=\"swiper-slide\"><article class=\"post-22344 post type-post status-publish format-standard has-post-thumbnail hentry category-blog\">\r\n   <div class=\"post post-one__single has-thumbnail\">\r\n      <div class=\"post-one__wrap\">\r\n         <div class=\"post-one__thumbnail\"><a href=\"https:\/\/fasttrack.ma\/en\/fast-track-aeroport-aid-2026\/\"><img loading=\"lazy\" decoding=\"async\" width=\"550\" height=\"660\" src=\"https:\/\/fasttrack.ma\/wp-content\/uploads\/2026\/03\/Fast-Track-Aeroport-Aid-550x660.webp\" class=\"attachment-gowilds_medium size-gowilds_medium wp-post-image\" alt=\"Fast Track A\u00e9roport A\u00efd : Voyage Unique Sans Stress Pendant Les F\u00eates\" \/><\/a><div class=\"entry-date\"><span class=\"date\">14<\/span><span class=\"month\">Mar<\/span><\/div><\/div>       \r\n         <div class=\"post-one__content\">\r\n            <div class=\"post-one__category\"><span class=\"cat-links\"><a href=\"https:\/\/fasttrack.ma\/en\/category\/blog\/\" rel=\"category tag\">Blog<\/a><\/span><\/div>            <div class=\"post-one__content-inner\">\r\n               \r\n               <div class=\"post-one__meta\">\r\n                  <div class=\"clearfix meta-inline post-meta-1\"><span class=\"author vcard\"><i class=\"fas fa-user-circle\"><\/i>FastTrack Maroc<\/span><\/div>               <\/div> \r\n               <h3 class=\"post-one__title\"><a href=\"https:\/\/fasttrack.ma\/en\/fast-track-aeroport-aid-2026\/\" rel=\"bookmark\">Fast Track A\u00e9roport A\u00efd : Voyage Unique Sans Stress Pendant Les F\u00eates<\/a><\/h3>\r\n               <div class=\"post-one__desc\">La p\u00e9riode de l\u2019A\u00efd est l\u2019un des moments les plus importants de l\u2019ann\u00e9e pour de<\/div>               <div class=\"post-one__bottom\">\r\n                  <a class=\"post-one__read-more\" href=\"https:\/\/fasttrack.ma\/en\/fast-track-aeroport-aid-2026\/\">\r\n                    Read More                    <i class=\"fa-solid fa-arrow-right\"><\/i>\r\n                  <\/a>\r\n               <\/div>\r\n            <\/div>\r\n         <\/div>\r\n      <\/div>   \r\n   <\/div>   \r\n<\/article><\/div>\t\t\t\t<\/div>\r\n\t\t\t<\/div>\t\r\n\t\t<\/div>\t\r\n\t\t<div class=\"swiper-pagination\"><\/div>\t\t<div class=\"swiper-nav-next\"><\/div><div class=\"swiper-nav-prev\"><\/div> \r\n\t<\/div>\r\n  <\/div>\t\t\t\t<\/div>\n\t\t\t\t<\/div>\n\t\t\t\t\t<\/div>\n\t\t<\/div>\n\t\t\t\t\t<\/div>\n\t\t<\/section>\n\t\t\t\t<\/div>","protected":false},"excerpt":{"rendered":"<p>30Sep Blog More Than Travel Fast Track: votre passeport pour un voyage VIP Introduction La p\u00e9riode de fin d\u2019ann\u00e9e est l\u2019une des plus intenses pour voyager. Entre les Read More [&hellip;]<\/p>\n","protected":false},"author":4,"featured_media":0,"parent":0,"menu_order":0,"comment_status":"closed","ping_status":"closed","template":"elementor_header_footer","meta":{"_acf_changed":false,"_monsterinsights_skip_tracking":false,"_monsterinsights_sitenote_active":false,"_monsterinsights_sitenote_note":"","_monsterinsights_sitenote_category":0,"postBodyCss":"","postBodyMargin":[],"postBodyPadding":[],"postBodyBackground":{"backgroundType":"classic","gradient":""},"_glsr_average":0,"_glsr_ranking":0,"_glsr_reviews":0,"footnotes":""},"class_list":["post-21644","page","type-page","status-publish","hentry"],"acf":[],"_links":{"self":[{"href":"https:\/\/fasttrack.ma\/en\/wp-json\/wp\/v2\/pages\/21644","targetHints":{"allow":["GET"]}}],"collection":[{"href":"https:\/\/fasttrack.ma\/en\/wp-json\/wp\/v2\/pages"}],"about":[{"href":"https:\/\/fasttrack.ma\/en\/wp-json\/wp\/v2\/types\/page"}],"author":[{"embeddable":true,"href":"https:\/\/fasttrack.ma\/en\/wp-json\/wp\/v2\/users\/4"}],"replies":[{"embeddable":true,"href":"https:\/\/fasttrack.ma\/en\/wp-json\/wp\/v2\/comments?post=21644"}],"version-history":[{"count":7,"href":"https:\/\/fasttrack.ma\/en\/wp-json\/wp\/v2\/pages\/21644\/revisions"}],"predecessor-version":[{"id":22133,"href":"https:\/\/fasttrack.ma\/en\/wp-json\/wp\/v2\/pages\/21644\/revisions\/22133"}],"wp:attachment":[{"href":"https:\/\/fasttrack.ma\/en\/wp-json\/wp\/v2\/media?parent=21644"}],"curies":[{"name":"wp","href":"https:\/\/api.w.org\/{rel}","templated":true}]}}